{"id":113,"date":"2026-02-09T07:40:15","date_gmt":"2026-02-09T07:40:15","guid":{"rendered":"https:\/\/lisettecrochet.fr\/index.php\/my-account-2\/"},"modified":"2026-02-10T10:18:14","modified_gmt":"2026-02-10T10:18:14","slug":"my-account-2","status":"publish","type":"page","link":"https:\/\/lisettecrochet.fr\/index.php\/my-account-2\/","title":{"rendered":"My Account"},"content":{"rendered":"\t\t<div data-elementor-type=\"wp-page\" data-elementor-id=\"113\" class=\"elementor elementor-113\" data-elementor-post-type=\"page\">\n\t\t\t\t\t\t<section class=\"elementor-section elementor-top-section elementor-element elementor-element-7ab2d3cb elementor-section-boxed elementor-section-height-default elementor-section-height-default\" data-id=\"7ab2d3cb\" data-element_type=\"section\" data-e-type=\"section\" data-settings=\"{&quot;background_background&quot;:&quot;classic&quot;,&quot;shape_divider_bottom&quot;:&quot;mountains&quot;}\">\n\t\t\t\t\t<div class=\"elementor-shape elementor-shape-bottom\" aria-hidden=\"true\" data-negative=\"false\">\n\t\t\t<svg xmlns=\"http:\/\/www.w3.org\/2000\/svg\" viewBox=\"0 0 1000 100\" preserveAspectRatio=\"none\">\n\t<path class=\"elementor-shape-fill\" opacity=\"0.33\" d=\"M473,67.3c-203.9,88.3-263.1-34-320.3,0C66,119.1,0,59.7,0,59.7V0h1000v59.7 c0,0-62.1,26.1-94.9,29.3c-32.8,3.3-62.8-12.3-75.8-22.1C806,49.6,745.3,8.7,694.9,4.7S492.4,59,473,67.3z\"\/>\n\t<path class=\"elementor-shape-fill\" opacity=\"0.66\" d=\"M734,67.3c-45.5,0-77.2-23.2-129.1-39.1c-28.6-8.7-150.3-10.1-254,39.1 s-91.7-34.4-149.2,0C115.7,118.3,0,39.8,0,39.8V0h1000v36.5c0,0-28.2-18.5-92.1-18.5C810.2,18.1,775.7,67.3,734,67.3z\"\/>\n\t<path class=\"elementor-shape-fill\" d=\"M766.1,28.9c-200-57.5-266,65.5-395.1,19.5C242,1.8,242,5.4,184.8,20.6C128,35.8,132.3,44.9,89.9,52.5C28.6,63.7,0,0,0,0 h1000c0,0-9.9,40.9-83.6,48.1S829.6,47,766.1,28.9z\"\/>\n<\/svg>\t\t<\/div>\n\t\t\t\t\t<div class=\"elementor-container elementor-column-gap-default\">\n\t\t\t\t\t<div class=\"elementor-column elementor-col-100 elementor-top-column elementor-element elementor-element-58a47a5c\" data-id=\"58a47a5c\" data-element_type=\"column\" data-e-type=\"column\">\n\t\t\t<div class=\"elementor-widget-wrap elementor-element-populated\">\n\t\t\t\t\t\t<div class=\"elementor-element elementor-element-110fd7b1 elementor-widget elementor-widget-image\" data-id=\"110fd7b1\" data-element_type=\"widget\" data-e-type=\"widget\" data-widget_type=\"image.default\">\n\t\t\t\t\t\t\t\t\t\t\t\t\t\t\t<img fetchpriority=\"high\" decoding=\"async\" width=\"550\" height=\"115\" src=\"https:\/\/lisettecrochet.fr\/wp-content\/uploads\/2026\/02\/MY-ACCOUNT.png\" class=\"attachment-large size-large wp-image-285\" alt=\"\" srcset=\"https:\/\/lisettecrochet.fr\/wp-content\/uploads\/2026\/02\/MY-ACCOUNT.png 550w, https:\/\/lisettecrochet.fr\/wp-content\/uploads\/2026\/02\/MY-ACCOUNT-300x63.png 300w\" sizes=\"(max-width: 550px) 100vw, 550px\" \/>\t\t\t\t\t\t\t\t\t\t\t\t\t\t\t<\/div>\n\t\t\t\t\t<\/div>\n\t\t<\/div>\n\t\t\t\t\t<\/div>\n\t\t<\/section>\n\t\t\t\t<section class=\"elementor-section elementor-top-section elementor-element elementor-element-23823381 elementor-section-boxed elementor-section-height-default elementor-section-height-default\" data-id=\"23823381\" data-element_type=\"section\" data-e-type=\"section\">\n\t\t\t\t\t\t<div class=\"elementor-container elementor-column-gap-default\">\n\t\t\t\t\t<div class=\"elementor-column elementor-col-100 elementor-top-column elementor-element elementor-element-793f74ee\" data-id=\"793f74ee\" data-element_type=\"column\" data-e-type=\"column\">\n\t\t\t<div class=\"elementor-widget-wrap elementor-element-populated\">\n\t\t\t\t\t\t<div class=\"elementor-element elementor-element-5857b750 e-my-account-tabs-horizontal elementor-widget elementor-widget-woocommerce-my-account\" data-id=\"5857b750\" data-element_type=\"widget\" data-e-type=\"widget\" data-widget_type=\"woocommerce-my-account.default\">\n\t\t\t\t\t<div class=\"e-my-account-tab e-my-account-tab__ \">\t\t\t<div class=\"woocommerce\"><\/div>\t\t<\/div>\n\t\t\t\t\t\t<\/div>\n\t\t\t\t\t<\/div>\n\t\t<\/div>\n\t\t\t\t\t<\/div>\n\t\t<\/section>\n\t\t\t\t<\/div>\n\t\t","protected":false},"excerpt":{"rendered":"<p>Dashboard Orders Downloads Addresses Account Details Logout Dashboard Orders Downloads Addresses Account Details Logout Dashboard Orders Downloads Addresses Account Details Logout Dashboard Orders Downloads Addresses Account Details Logout Bonjour admin2132 (vous n\u2019\u00eates pas admin2132\u00a0? D\u00e9connexion) \u00c0 partir du tableau de bord de votre compte, vous pouvez visualiser vos commandes r\u00e9centes, g\u00e9rer vos adresses de livraison [&hellip;]<\/p>\n","protected":false},"author":1,"featured_media":0,"parent":0,"menu_order":0,"comment_status":"closed","ping_status":"closed","template":"","meta":{"footnotes":""},"class_list":["post-113","page","type-page","status-publish","hentry"],"yoast_head":"<!-- This site is optimized with the Yoast SEO plugin v26.9 - https:\/\/yoast.com\/product\/yoast-seo-wordpress\/ -->\n<title>My Account - Lisette Crochet<\/title>\n<meta name=\"robots\" content=\"index, follow, max-snippet:-1, max-image-preview:large, max-video-preview:-1\" \/>\n<link rel=\"canonical\" href=\"https:\/\/lisettecrochet.fr\/index.php\/my-account-2\/\" \/>\n<meta property=\"og:locale\" content=\"fr_FR\" \/>\n<meta property=\"og:type\" content=\"article\" \/>\n<meta property=\"og:title\" content=\"My Account - Lisette Crochet\" \/>\n<meta property=\"og:description\" content=\"Dashboard Orders Downloads Addresses Account Details Logout Dashboard Orders Downloads Addresses Account Details Logout Dashboard Orders Downloads Addresses Account Details Logout Dashboard Orders Downloads Addresses Account Details Logout Bonjour admin2132 (vous n\u2019\u00eates pas admin2132\u00a0? D\u00e9connexion) \u00c0 partir du tableau de bord de votre compte, vous pouvez visualiser vos commandes r\u00e9centes, g\u00e9rer vos adresses de livraison [&hellip;]\" \/>\n<meta property=\"og:url\" content=\"https:\/\/lisettecrochet.fr\/index.php\/my-account-2\/\" \/>\n<meta property=\"og:site_name\" content=\"Lisette Crochet\" \/>\n<meta property=\"article:modified_time\" content=\"2026-02-10T10:18:14+00:00\" \/>\n<meta property=\"og:image\" content=\"https:\/\/lisettecrochet.fr\/wp-content\/uploads\/2026\/02\/MY-ACCOUNT.png\" \/>\n<meta name=\"twitter:card\" content=\"summary_large_image\" \/>\n<meta name=\"twitter:label1\" content=\"Dur\u00e9e de lecture estim\u00e9e\" \/>\n\t<meta name=\"twitter:data1\" content=\"1 minute\" \/>\n<script type=\"application\/ld+json\" class=\"yoast-schema-graph\">{\"@context\":\"https:\/\/schema.org\",\"@graph\":[{\"@type\":\"WebPage\",\"@id\":\"https:\/\/lisettecrochet.fr\/index.php\/my-account-2\/\",\"url\":\"https:\/\/lisettecrochet.fr\/index.php\/my-account-2\/\",\"name\":\"My Account - Lisette Crochet\",\"isPartOf\":{\"@id\":\"https:\/\/lisettecrochet.fr\/#website\"},\"primaryImageOfPage\":{\"@id\":\"https:\/\/lisettecrochet.fr\/index.php\/my-account-2\/#primaryimage\"},\"image\":{\"@id\":\"https:\/\/lisettecrochet.fr\/index.php\/my-account-2\/#primaryimage\"},\"thumbnailUrl\":\"https:\/\/lisettecrochet.fr\/wp-content\/uploads\/2026\/02\/MY-ACCOUNT.png\",\"datePublished\":\"2026-02-09T07:40:15+00:00\",\"dateModified\":\"2026-02-10T10:18:14+00:00\",\"breadcrumb\":{\"@id\":\"https:\/\/lisettecrochet.fr\/index.php\/my-account-2\/#breadcrumb\"},\"inLanguage\":\"fr-FR\",\"potentialAction\":[{\"@type\":\"ReadAction\",\"target\":[\"https:\/\/lisettecrochet.fr\/index.php\/my-account-2\/\"]}]},{\"@type\":\"ImageObject\",\"inLanguage\":\"fr-FR\",\"@id\":\"https:\/\/lisettecrochet.fr\/index.php\/my-account-2\/#primaryimage\",\"url\":\"https:\/\/lisettecrochet.fr\/wp-content\/uploads\/2026\/02\/MY-ACCOUNT.png\",\"contentUrl\":\"https:\/\/lisettecrochet.fr\/wp-content\/uploads\/2026\/02\/MY-ACCOUNT.png\",\"width\":550,\"height\":115},{\"@type\":\"BreadcrumbList\",\"@id\":\"https:\/\/lisettecrochet.fr\/index.php\/my-account-2\/#breadcrumb\",\"itemListElement\":[{\"@type\":\"ListItem\",\"position\":1,\"name\":\"Accueil\",\"item\":\"https:\/\/lisettecrochet.fr\/\"},{\"@type\":\"ListItem\",\"position\":2,\"name\":\"My Account\"}]},{\"@type\":\"WebSite\",\"@id\":\"https:\/\/lisettecrochet.fr\/#website\",\"url\":\"https:\/\/lisettecrochet.fr\/\",\"name\":\"Lisette Crochet\",\"description\":\"La passion de la cr\u00e9ation fait main en France\",\"publisher\":{\"@id\":\"https:\/\/lisettecrochet.fr\/#organization\"},\"potentialAction\":[{\"@type\":\"SearchAction\",\"target\":{\"@type\":\"EntryPoint\",\"urlTemplate\":\"https:\/\/lisettecrochet.fr\/?s={search_term_string}\"},\"query-input\":{\"@type\":\"PropertyValueSpecification\",\"valueRequired\":true,\"valueName\":\"search_term_string\"}}],\"inLanguage\":\"fr-FR\"},{\"@type\":\"Organization\",\"@id\":\"https:\/\/lisettecrochet.fr\/#organization\",\"name\":\"Lisette Crochet\",\"url\":\"https:\/\/lisettecrochet.fr\/\",\"logo\":{\"@type\":\"ImageObject\",\"inLanguage\":\"fr-FR\",\"@id\":\"https:\/\/lisettecrochet.fr\/#\/schema\/logo\/image\/\",\"url\":\"https:\/\/lisettecrochet.fr\/wp-content\/uploads\/2026\/02\/cropped-cropped-Vente-doudou-peluche-sac-crochet-fait-main-France-1.jpeg\",\"contentUrl\":\"https:\/\/lisettecrochet.fr\/wp-content\/uploads\/2026\/02\/cropped-cropped-Vente-doudou-peluche-sac-crochet-fait-main-France-1.jpeg\",\"width\":512,\"height\":512,\"caption\":\"Lisette Crochet\"},\"image\":{\"@id\":\"https:\/\/lisettecrochet.fr\/#\/schema\/logo\/image\/\"}}]}<\/script>\n<!-- \/ Yoast SEO plugin. -->","yoast_head_json":{"title":"My Account - Lisette Crochet","robots":{"index":"index","follow":"follow","max-snippet":"max-snippet:-1","max-image-preview":"max-image-preview:large","max-video-preview":"max-video-preview:-1"},"canonical":"https:\/\/lisettecrochet.fr\/index.php\/my-account-2\/","og_locale":"fr_FR","og_type":"article","og_title":"My Account - Lisette Crochet","og_description":"Dashboard Orders Downloads Addresses Account Details Logout Dashboard Orders Downloads Addresses Account Details Logout Dashboard Orders Downloads Addresses Account Details Logout Dashboard Orders Downloads Addresses Account Details Logout Bonjour admin2132 (vous n\u2019\u00eates pas admin2132\u00a0? D\u00e9connexion) \u00c0 partir du tableau de bord de votre compte, vous pouvez visualiser vos commandes r\u00e9centes, g\u00e9rer vos adresses de livraison [&hellip;]","og_url":"https:\/\/lisettecrochet.fr\/index.php\/my-account-2\/","og_site_name":"Lisette Crochet","article_modified_time":"2026-02-10T10:18:14+00:00","og_image":[{"url":"https:\/\/lisettecrochet.fr\/wp-content\/uploads\/2026\/02\/MY-ACCOUNT.png","type":"","width":"","height":""}],"twitter_card":"summary_large_image","twitter_misc":{"Dur\u00e9e de lecture estim\u00e9e":"1 minute"},"schema":{"@context":"https:\/\/schema.org","@graph":[{"@type":"WebPage","@id":"https:\/\/lisettecrochet.fr\/index.php\/my-account-2\/","url":"https:\/\/lisettecrochet.fr\/index.php\/my-account-2\/","name":"My Account - Lisette Crochet","isPartOf":{"@id":"https:\/\/lisettecrochet.fr\/#website"},"primaryImageOfPage":{"@id":"https:\/\/lisettecrochet.fr\/index.php\/my-account-2\/#primaryimage"},"image":{"@id":"https:\/\/lisettecrochet.fr\/index.php\/my-account-2\/#primaryimage"},"thumbnailUrl":"https:\/\/lisettecrochet.fr\/wp-content\/uploads\/2026\/02\/MY-ACCOUNT.png","datePublished":"2026-02-09T07:40:15+00:00","dateModified":"2026-02-10T10:18:14+00:00","breadcrumb":{"@id":"https:\/\/lisettecrochet.fr\/index.php\/my-account-2\/#breadcrumb"},"inLanguage":"fr-FR","potentialAction":[{"@type":"ReadAction","target":["https:\/\/lisettecrochet.fr\/index.php\/my-account-2\/"]}]},{"@type":"ImageObject","inLanguage":"fr-FR","@id":"https:\/\/lisettecrochet.fr\/index.php\/my-account-2\/#primaryimage","url":"https:\/\/lisettecrochet.fr\/wp-content\/uploads\/2026\/02\/MY-ACCOUNT.png","contentUrl":"https:\/\/lisettecrochet.fr\/wp-content\/uploads\/2026\/02\/MY-ACCOUNT.png","width":550,"height":115},{"@type":"BreadcrumbList","@id":"https:\/\/lisettecrochet.fr\/index.php\/my-account-2\/#breadcrumb","itemListElement":[{"@type":"ListItem","position":1,"name":"Accueil","item":"https:\/\/lisettecrochet.fr\/"},{"@type":"ListItem","position":2,"name":"My Account"}]},{"@type":"WebSite","@id":"https:\/\/lisettecrochet.fr\/#website","url":"https:\/\/lisettecrochet.fr\/","name":"Lisette Crochet","description":"La passion de la cr\u00e9ation fait main en France","publisher":{"@id":"https:\/\/lisettecrochet.fr\/#organization"},"potentialAction":[{"@type":"SearchAction","target":{"@type":"EntryPoint","urlTemplate":"https:\/\/lisettecrochet.fr\/?s={search_term_string}"},"query-input":{"@type":"PropertyValueSpecification","valueRequired":true,"valueName":"search_term_string"}}],"inLanguage":"fr-FR"},{"@type":"Organization","@id":"https:\/\/lisettecrochet.fr\/#organization","name":"Lisette Crochet","url":"https:\/\/lisettecrochet.fr\/","logo":{"@type":"ImageObject","inLanguage":"fr-FR","@id":"https:\/\/lisettecrochet.fr\/#\/schema\/logo\/image\/","url":"https:\/\/lisettecrochet.fr\/wp-content\/uploads\/2026\/02\/cropped-cropped-Vente-doudou-peluche-sac-crochet-fait-main-France-1.jpeg","contentUrl":"https:\/\/lisettecrochet.fr\/wp-content\/uploads\/2026\/02\/cropped-cropped-Vente-doudou-peluche-sac-crochet-fait-main-France-1.jpeg","width":512,"height":512,"caption":"Lisette Crochet"},"image":{"@id":"https:\/\/lisettecrochet.fr\/#\/schema\/logo\/image\/"}}]}},"_links":{"self":[{"href":"https:\/\/lisettecrochet.fr\/index.php\/wp-json\/wp\/v2\/pages\/113","targetHints":{"allow":["GET"]}}],"collection":[{"href":"https:\/\/lisettecrochet.fr\/index.php\/wp-json\/wp\/v2\/pages"}],"about":[{"href":"https:\/\/lisettecrochet.fr\/index.php\/wp-json\/wp\/v2\/types\/page"}],"author":[{"embeddable":true,"href":"https:\/\/lisettecrochet.fr\/index.php\/wp-json\/wp\/v2\/users\/1"}],"replies":[{"embeddable":true,"href":"https:\/\/lisettecrochet.fr\/index.php\/wp-json\/wp\/v2\/comments?post=113"}],"version-history":[{"count":7,"href":"https:\/\/lisettecrochet.fr\/index.php\/wp-json\/wp\/v2\/pages\/113\/revisions"}],"predecessor-version":[{"id":329,"href":"https:\/\/lisettecrochet.fr\/index.php\/wp-json\/wp\/v2\/pages\/113\/revisions\/329"}],"wp:attachment":[{"href":"https:\/\/lisettecrochet.fr\/index.php\/wp-json\/wp\/v2\/media?parent=113"}],"curies":[{"name":"wp","href":"https:\/\/api.w.org\/{rel}","templated":true}]}}