{"id":147,"date":"2026-02-09T07:40:16","date_gmt":"2026-02-09T07:40:16","guid":{"rendered":"http:\/\/soulmate"},"modified":"2026-02-10T14:06:10","modified_gmt":"2026-02-10T14:06:10","slug":"lili-la-peluche-licorne-en-crochet-faite-main","status":"publish","type":"product","link":"https:\/\/lisettecrochet.fr\/index.php\/product\/lili-la-peluche-licorne-en-crochet-faite-main\/","title":{"rendered":"Lili la peluche licorne douce r\u00e9alis\u00e9e en crochet \u00e0 la main, cr\u00e9ation artisanale unique"},"content":{"rendered":"<p>Voici Lili, une adorable peluche licorne en crochet \u00e0 la recherche de son futur compagnon d\u2019aventure.<br \/>\nChaque Lili est une cr\u00e9ation unique, enti\u00e8rement r\u00e9alis\u00e9e \u00e0 la main en crochet, en France, dans les Yvelines,<br \/>\navec soin et passion.<\/p>\n<h2>Une peluche licorne douce et r\u00e9confortante<\/h2>\n<p>Lili s\u2019adapte \u00e0 tous les \u00e2ges.<br \/>\nElle convient aux b\u00e9b\u00e9s gr\u00e2ce \u00e0 sa grande douceur, aux enfants et adolescents pour son c\u00f4t\u00e9 ludique et attachant,<br \/>\net aux adultes comme objet d\u00e9coratif plein de tendresse.<\/p>\n<p>Sa texture moelleuse et son design d\u00e9licat en font un compagnon rassurant,<br \/>\npens\u00e9 pour durer et accompagner les moments du quotidien.<br \/>\nChaque d\u00e9tail est crochet\u00e9 avec minutie pour offrir un rendu harmonieux et de qualit\u00e9.<\/p>\n<h2>Une cr\u00e9ation artisanale \u00e9thique<\/h2>\n<p>Lili est r\u00e9alis\u00e9e avec un fil en microfibre super doux.<br \/>\nLes yeux sont brod\u00e9s avec un fil en coton.<br \/>\nLes fils utilis\u00e9s sont certifi\u00e9s OEKO-TEX\u00ae STANDARD 100,<br \/>\ngarantissant une peluche adapt\u00e9e aux enfants et respectueuse de la peau.<\/p>\n<h2>Dimensions de la peluche licorne<\/h2>\n<ul>\n<li>Hauteur : 29 cm \/ 11,42 pouces<\/li>\n<li>Largeur : 10,5 cm \/ 3,94 pouces<\/li>\n<li>Profondeur : 12 cm \/ 4,72 pouces<\/li>\n<\/ul>\n<h2>Fabrication artisanale et informations importantes<\/h2>\n<p>Chaque peluche licorne est fabriqu\u00e9e sur commande, enti\u00e8rement \u00e0 la main.<br \/>\nDe l\u00e9g\u00e8res variations de couleur, de dimensions ou de finitions peuvent appara\u00eetre<br \/>\nselon la production du fil, l\u2019\u00e9clairage ou les \u00e9crans.<br \/>\nLes photos sont prises \u00e0 la lumi\u00e8re naturelle.<br \/>\nCes variations font partie du charme du fait main fran\u00e7ais.<\/p>\n<p>Le d\u00e9lai de fabrication et de livraison est d\u2019environ deux semaines,<br \/>\nn\u00e9cessaires \u00e0 la commande du mat\u00e9riel et \u00e0 la r\u00e9alisation de votre peluche.<\/p>\n<p>Cr\u00e9dit patron : Pattern4Craft<br \/>\n<a href=\"https:\/\/www.youtube.com\/watch?v=QjAYxJv8Ras\" target=\"_blank\" rel=\"noopener\"><br \/>\nVoir le tutoriel<br \/>\n<\/a><\/p>\n<p>N\u2019h\u00e9sitez pas \u00e0 me contacter si vous avez des questions.<\/p>\n","protected":false},"excerpt":{"rendered":"<p class=\"p1\">Peluche licorne en crochet faite main en France, Lili est un doudou artisanal doux, s\u00e9curis\u00e9 et r\u00e9confortant. R\u00e9alis\u00e9e sur commande avec mat\u00e9riaux certifi\u00e9s OEKO-TEX STANDARD 100, elle convient aux b\u00e9b\u00e9s, enfants et adultes et constitue un cadeau unique.<\/p>\n","protected":false},"featured_media":439,"comment_status":"open","ping_status":"closed","template":"","meta":[],"product_brand":[],"product_cat":[36],"product_tag":[61,45,42,60,58,41,43,40,57,59],"class_list":{"0":"post-147","1":"product","2":"type-product","3":"status-publish","4":"has-post-thumbnail","6":"product_cat-peluches-doudous","7":"product_tag-amigurumi-licorne","8":"product_tag-cadeau-naissance-fait-main","9":"product_tag-doudou-crochet-bebe","10":"product_tag-doudou-licorne-crochet","11":"product_tag-lili-la-licorne","12":"product_tag-peluche-artisanale-francaise","13":"product_tag-peluche-crochet-enfant","14":"product_tag-peluche-crochet-faite-main","15":"product_tag-peluche-licorne-crochet","16":"product_tag-peluche-licorne-fait-main","18":"first","19":"instock","20":"shipping-taxable","21":"product-type-external"},"yoast_head":"<!-- This site is optimized with the Yoast SEO plugin v26.9 - https:\/\/yoast.com\/product\/yoast-seo-wordpress\/ -->\n<title>Lili la peluche licorne douce r\u00e9alis\u00e9e en crochet \u00e0 la main, cr\u00e9ation artisanale unique Lili la peluche licorne en crochet faite main<\/title>\n<meta name=\"description\" content=\"Peluche licorne en crochet faite main en France. Lili est un doudou doux, \u00e9thique et artisanal, id\u00e9al pour b\u00e9b\u00e9, enfant ou cadeau unique\" \/>\n<meta name=\"robots\" content=\"index, follow, max-snippet:-1, max-image-preview:large, max-video-preview:-1\" \/>\n<link rel=\"canonical\" href=\"https:\/\/lisettecrochet.fr\/index.php\/product\/lili-la-peluche-licorne-en-crochet-faite-main\/\" \/>\n<meta property=\"og:locale\" content=\"fr_FR\" \/>\n<meta property=\"og:type\" content=\"article\" \/>\n<meta property=\"og:title\" content=\"Lili la peluche licorne douce r\u00e9alis\u00e9e en crochet \u00e0 la main, cr\u00e9ation artisanale unique Lili la peluche licorne en crochet faite main\" \/>\n<meta property=\"og:description\" content=\"Peluche licorne en crochet faite main en France. Lili est un doudou doux, \u00e9thique et artisanal, id\u00e9al pour b\u00e9b\u00e9, enfant ou cadeau unique\" \/>\n<meta property=\"og:url\" content=\"https:\/\/lisettecrochet.fr\/index.php\/product\/lili-la-peluche-licorne-en-crochet-faite-main\/\" \/>\n<meta property=\"og:site_name\" content=\"Lisette Crochet\" \/>\n<meta property=\"article:modified_time\" content=\"2026-02-10T14:06:10+00:00\" \/>\n<meta property=\"og:image\" content=\"https:\/\/lisettecrochet.fr\/wp-content\/uploads\/2026\/02\/Peluche-licorne-en-crochet-fait-main-france-cadeaux-doudou-enfant.webp\" \/>\n\t<meta property=\"og:image:width\" content=\"794\" \/>\n\t<meta property=\"og:image:height\" content=\"1314\" \/>\n\t<meta property=\"og:image:type\" content=\"image\/webp\" \/>\n<meta name=\"twitter:card\" content=\"summary_large_image\" \/>\n<meta name=\"twitter:label1\" content=\"Dur\u00e9e de lecture estim\u00e9e\" \/>\n\t<meta name=\"twitter:data1\" content=\"2 minutes\" \/>\n<script type=\"application\/ld+json\" class=\"yoast-schema-graph\">{\"@context\":\"https:\/\/schema.org\",\"@graph\":[{\"@type\":\"WebPage\",\"@id\":\"https:\/\/lisettecrochet.fr\/index.php\/product\/lili-la-peluche-licorne-en-crochet-faite-main\/\",\"url\":\"https:\/\/lisettecrochet.fr\/index.php\/product\/lili-la-peluche-licorne-en-crochet-faite-main\/\",\"name\":\"Lili la peluche licorne douce r\u00e9alis\u00e9e en crochet \u00e0 la main, cr\u00e9ation artisanale unique Lili la peluche licorne en crochet faite main\",\"isPartOf\":{\"@id\":\"https:\/\/lisettecrochet.fr\/#website\"},\"primaryImageOfPage\":{\"@id\":\"https:\/\/lisettecrochet.fr\/index.php\/product\/lili-la-peluche-licorne-en-crochet-faite-main\/#primaryimage\"},\"image\":{\"@id\":\"https:\/\/lisettecrochet.fr\/index.php\/product\/lili-la-peluche-licorne-en-crochet-faite-main\/#primaryimage\"},\"thumbnailUrl\":\"https:\/\/lisettecrochet.fr\/wp-content\/uploads\/2026\/02\/Peluche-licorne-en-crochet-fait-main-france-cadeaux-doudou-enfant.webp\",\"datePublished\":\"2026-02-09T07:40:16+00:00\",\"dateModified\":\"2026-02-10T14:06:10+00:00\",\"description\":\"Peluche licorne en crochet faite main en France. Lili est un doudou doux, \u00e9thique et artisanal, id\u00e9al pour b\u00e9b\u00e9, enfant ou cadeau unique\",\"breadcrumb\":{\"@id\":\"https:\/\/lisettecrochet.fr\/index.php\/product\/lili-la-peluche-licorne-en-crochet-faite-main\/#breadcrumb\"},\"inLanguage\":\"fr-FR\",\"potentialAction\":[{\"@type\":\"ReadAction\",\"target\":[\"https:\/\/lisettecrochet.fr\/index.php\/product\/lili-la-peluche-licorne-en-crochet-faite-main\/\"]}]},{\"@type\":\"ImageObject\",\"inLanguage\":\"fr-FR\",\"@id\":\"https:\/\/lisettecrochet.fr\/index.php\/product\/lili-la-peluche-licorne-en-crochet-faite-main\/#primaryimage\",\"url\":\"https:\/\/lisettecrochet.fr\/wp-content\/uploads\/2026\/02\/Peluche-licorne-en-crochet-fait-main-france-cadeaux-doudou-enfant.webp\",\"contentUrl\":\"https:\/\/lisettecrochet.fr\/wp-content\/uploads\/2026\/02\/Peluche-licorne-en-crochet-fait-main-france-cadeaux-doudou-enfant.webp\",\"width\":794,\"height\":1314,\"caption\":\"Peluche licorne en crochet fait main france cadeaux doudou enfant\"},{\"@type\":\"BreadcrumbList\",\"@id\":\"https:\/\/lisettecrochet.fr\/index.php\/product\/lili-la-peluche-licorne-en-crochet-faite-main\/#breadcrumb\",\"itemListElement\":[{\"@type\":\"ListItem\",\"position\":1,\"name\":\"Accueil\",\"item\":\"https:\/\/lisettecrochet.fr\/\"},{\"@type\":\"ListItem\",\"position\":2,\"name\":\"Products\",\"item\":\"https:\/\/lisettecrochet.fr\/index.php\/shop-2\/\"},{\"@type\":\"ListItem\",\"position\":3,\"name\":\"Lili la peluche licorne douce r\u00e9alis\u00e9e en crochet \u00e0 la main, cr\u00e9ation artisanale unique\"}]},{\"@type\":\"WebSite\",\"@id\":\"https:\/\/lisettecrochet.fr\/#website\",\"url\":\"https:\/\/lisettecrochet.fr\/\",\"name\":\"Lisette Crochet\",\"description\":\"La passion de la cr\u00e9ation fait main en France\",\"publisher\":{\"@id\":\"https:\/\/lisettecrochet.fr\/#organization\"},\"potentialAction\":[{\"@type\":\"SearchAction\",\"target\":{\"@type\":\"EntryPoint\",\"urlTemplate\":\"https:\/\/lisettecrochet.fr\/?s={search_term_string}\"},\"query-input\":{\"@type\":\"PropertyValueSpecification\",\"valueRequired\":true,\"valueName\":\"search_term_string\"}}],\"inLanguage\":\"fr-FR\"},{\"@type\":\"Organization\",\"@id\":\"https:\/\/lisettecrochet.fr\/#organization\",\"name\":\"Lisette Crochet\",\"url\":\"https:\/\/lisettecrochet.fr\/\",\"logo\":{\"@type\":\"ImageObject\",\"inLanguage\":\"fr-FR\",\"@id\":\"https:\/\/lisettecrochet.fr\/#\/schema\/logo\/image\/\",\"url\":\"https:\/\/lisettecrochet.fr\/wp-content\/uploads\/2026\/02\/cropped-cropped-Vente-doudou-peluche-sac-crochet-fait-main-France-1.jpeg\",\"contentUrl\":\"https:\/\/lisettecrochet.fr\/wp-content\/uploads\/2026\/02\/cropped-cropped-Vente-doudou-peluche-sac-crochet-fait-main-France-1.jpeg\",\"width\":512,\"height\":512,\"caption\":\"Lisette Crochet\"},\"image\":{\"@id\":\"https:\/\/lisettecrochet.fr\/#\/schema\/logo\/image\/\"}}]}<\/script>\n<!-- \/ Yoast SEO plugin. -->","yoast_head_json":{"title":"Lili la peluche licorne douce r\u00e9alis\u00e9e en crochet \u00e0 la main, cr\u00e9ation artisanale unique Lili la peluche licorne en crochet faite main","description":"Peluche licorne en crochet faite main en France. Lili est un doudou doux, \u00e9thique et artisanal, id\u00e9al pour b\u00e9b\u00e9, enfant ou cadeau unique","robots":{"index":"index","follow":"follow","max-snippet":"max-snippet:-1","max-image-preview":"max-image-preview:large","max-video-preview":"max-video-preview:-1"},"canonical":"https:\/\/lisettecrochet.fr\/index.php\/product\/lili-la-peluche-licorne-en-crochet-faite-main\/","og_locale":"fr_FR","og_type":"article","og_title":"Lili la peluche licorne douce r\u00e9alis\u00e9e en crochet \u00e0 la main, cr\u00e9ation artisanale unique Lili la peluche licorne en crochet faite main","og_description":"Peluche licorne en crochet faite main en France. Lili est un doudou doux, \u00e9thique et artisanal, id\u00e9al pour b\u00e9b\u00e9, enfant ou cadeau unique","og_url":"https:\/\/lisettecrochet.fr\/index.php\/product\/lili-la-peluche-licorne-en-crochet-faite-main\/","og_site_name":"Lisette Crochet","article_modified_time":"2026-02-10T14:06:10+00:00","og_image":[{"width":794,"height":1314,"url":"https:\/\/lisettecrochet.fr\/wp-content\/uploads\/2026\/02\/Peluche-licorne-en-crochet-fait-main-france-cadeaux-doudou-enfant.webp","type":"image\/webp"}],"twitter_card":"summary_large_image","twitter_misc":{"Dur\u00e9e de lecture estim\u00e9e":"2 minutes"},"schema":{"@context":"https:\/\/schema.org","@graph":[{"@type":"WebPage","@id":"https:\/\/lisettecrochet.fr\/index.php\/product\/lili-la-peluche-licorne-en-crochet-faite-main\/","url":"https:\/\/lisettecrochet.fr\/index.php\/product\/lili-la-peluche-licorne-en-crochet-faite-main\/","name":"Lili la peluche licorne douce r\u00e9alis\u00e9e en crochet \u00e0 la main, cr\u00e9ation artisanale unique Lili la peluche licorne en crochet faite main","isPartOf":{"@id":"https:\/\/lisettecrochet.fr\/#website"},"primaryImageOfPage":{"@id":"https:\/\/lisettecrochet.fr\/index.php\/product\/lili-la-peluche-licorne-en-crochet-faite-main\/#primaryimage"},"image":{"@id":"https:\/\/lisettecrochet.fr\/index.php\/product\/lili-la-peluche-licorne-en-crochet-faite-main\/#primaryimage"},"thumbnailUrl":"https:\/\/lisettecrochet.fr\/wp-content\/uploads\/2026\/02\/Peluche-licorne-en-crochet-fait-main-france-cadeaux-doudou-enfant.webp","datePublished":"2026-02-09T07:40:16+00:00","dateModified":"2026-02-10T14:06:10+00:00","description":"Peluche licorne en crochet faite main en France. Lili est un doudou doux, \u00e9thique et artisanal, id\u00e9al pour b\u00e9b\u00e9, enfant ou cadeau unique","breadcrumb":{"@id":"https:\/\/lisettecrochet.fr\/index.php\/product\/lili-la-peluche-licorne-en-crochet-faite-main\/#breadcrumb"},"inLanguage":"fr-FR","potentialAction":[{"@type":"ReadAction","target":["https:\/\/lisettecrochet.fr\/index.php\/product\/lili-la-peluche-licorne-en-crochet-faite-main\/"]}]},{"@type":"ImageObject","inLanguage":"fr-FR","@id":"https:\/\/lisettecrochet.fr\/index.php\/product\/lili-la-peluche-licorne-en-crochet-faite-main\/#primaryimage","url":"https:\/\/lisettecrochet.fr\/wp-content\/uploads\/2026\/02\/Peluche-licorne-en-crochet-fait-main-france-cadeaux-doudou-enfant.webp","contentUrl":"https:\/\/lisettecrochet.fr\/wp-content\/uploads\/2026\/02\/Peluche-licorne-en-crochet-fait-main-france-cadeaux-doudou-enfant.webp","width":794,"height":1314,"caption":"Peluche licorne en crochet fait main france cadeaux doudou enfant"},{"@type":"BreadcrumbList","@id":"https:\/\/lisettecrochet.fr\/index.php\/product\/lili-la-peluche-licorne-en-crochet-faite-main\/#breadcrumb","itemListElement":[{"@type":"ListItem","position":1,"name":"Accueil","item":"https:\/\/lisettecrochet.fr\/"},{"@type":"ListItem","position":2,"name":"Products","item":"https:\/\/lisettecrochet.fr\/index.php\/shop-2\/"},{"@type":"ListItem","position":3,"name":"Lili la peluche licorne douce r\u00e9alis\u00e9e en crochet \u00e0 la main, cr\u00e9ation artisanale unique"}]},{"@type":"WebSite","@id":"https:\/\/lisettecrochet.fr\/#website","url":"https:\/\/lisettecrochet.fr\/","name":"Lisette Crochet","description":"La passion de la cr\u00e9ation fait main en France","publisher":{"@id":"https:\/\/lisettecrochet.fr\/#organization"},"potentialAction":[{"@type":"SearchAction","target":{"@type":"EntryPoint","urlTemplate":"https:\/\/lisettecrochet.fr\/?s={search_term_string}"},"query-input":{"@type":"PropertyValueSpecification","valueRequired":true,"valueName":"search_term_string"}}],"inLanguage":"fr-FR"},{"@type":"Organization","@id":"https:\/\/lisettecrochet.fr\/#organization","name":"Lisette Crochet","url":"https:\/\/lisettecrochet.fr\/","logo":{"@type":"ImageObject","inLanguage":"fr-FR","@id":"https:\/\/lisettecrochet.fr\/#\/schema\/logo\/image\/","url":"https:\/\/lisettecrochet.fr\/wp-content\/uploads\/2026\/02\/cropped-cropped-Vente-doudou-peluche-sac-crochet-fait-main-France-1.jpeg","contentUrl":"https:\/\/lisettecrochet.fr\/wp-content\/uploads\/2026\/02\/cropped-cropped-Vente-doudou-peluche-sac-crochet-fait-main-France-1.jpeg","width":512,"height":512,"caption":"Lisette Crochet"},"image":{"@id":"https:\/\/lisettecrochet.fr\/#\/schema\/logo\/image\/"}}]}},"_links":{"self":[{"href":"https:\/\/lisettecrochet.fr\/index.php\/wp-json\/wp\/v2\/product\/147","targetHints":{"allow":["GET"]}}],"collection":[{"href":"https:\/\/lisettecrochet.fr\/index.php\/wp-json\/wp\/v2\/product"}],"about":[{"href":"https:\/\/lisettecrochet.fr\/index.php\/wp-json\/wp\/v2\/types\/product"}],"replies":[{"embeddable":true,"href":"https:\/\/lisettecrochet.fr\/index.php\/wp-json\/wp\/v2\/comments?post=147"}],"version-history":[{"count":6,"href":"https:\/\/lisettecrochet.fr\/index.php\/wp-json\/wp\/v2\/product\/147\/revisions"}],"predecessor-version":[{"id":441,"href":"https:\/\/lisettecrochet.fr\/index.php\/wp-json\/wp\/v2\/product\/147\/revisions\/441"}],"wp:featuredmedia":[{"embeddable":true,"href":"https:\/\/lisettecrochet.fr\/index.php\/wp-json\/wp\/v2\/media\/439"}],"wp:attachment":[{"href":"https:\/\/lisettecrochet.fr\/index.php\/wp-json\/wp\/v2\/media?parent=147"}],"wp:term":[{"taxonomy":"product_brand","embeddable":true,"href":"https:\/\/lisettecrochet.fr\/index.php\/wp-json\/wp\/v2\/product_brand?post=147"},{"taxonomy":"product_cat","embeddable":true,"href":"https:\/\/lisettecrochet.fr\/index.php\/wp-json\/wp\/v2\/product_cat?post=147"},{"taxonomy":"product_tag","embeddable":true,"href":"https:\/\/lisettecrochet.fr\/index.php\/wp-json\/wp\/v2\/product_tag?post=147"}],"curies":[{"name":"wp","href":"https:\/\/api.w.org\/{rel}","templated":true}]}}